{"id":1043,"date":"2019-01-25T11:34:15","date_gmt":"2019-01-25T10:34:15","guid":{"rendered":"https:\/\/www.evvo-snow.com\/?page_id=1043"},"modified":"2024-07-16T11:00:12","modified_gmt":"2024-07-16T09:00:12","slug":"technologien-evvo-snowshoes","status":"publish","type":"page","link":"https:\/\/www.evvo-snow.com\/de\/technologien-evvo-snowshoes\/","title":{"rendered":"Technologien"},"content":{"rendered":"","protected":false},"excerpt":{"rendered":"","protected":false},"author":1,"featured_media":0,"parent":0,"menu_order":0,"comment_status":"closed","ping_status":"closed","template":"","meta":[],"yoast_head":"<!-- This site is optimized with the Yoast SEO plugin v18.2 - https:\/\/yoast.com\/wordpress\/plugins\/seo\/ -->\n<title>EVVO Snowshoe - Die EVVO Snowshoe Technologien<\/title>\n<meta name=\"description\" content=\"EVVO Snowshoe, eine patentierte Technologie f\u00fcr alle, die gern im Schnee unterwegs sind, erm\u00f6glicht ein nat\u00fcrliches, einfaches Gehen in jeder Art von verschneitem Gel\u00e4nde.\" \/>\n<meta name=\"robots\" content=\"index, follow, max-snippet:-1, max-image-preview:large, max-video-preview:-1\" \/>\n<link rel=\"canonical\" href=\"https:\/\/www.evvo-snow.com\/de\/technologien-evvo-snowshoes\/\" \/>\n<meta property=\"og:locale\" content=\"de_DE\" \/>\n<meta property=\"og:type\" content=\"article\" \/>\n<meta property=\"og:title\" content=\"EVVO Snowshoe - Die EVVO Snowshoe Technologien\" \/>\n<meta property=\"og:description\" content=\"EVVO Snowshoe, eine patentierte Technologie f\u00fcr alle, die gern im Schnee unterwegs sind, erm\u00f6glicht ein nat\u00fcrliches, einfaches Gehen in jeder Art von verschneitem Gel\u00e4nde.\" \/>\n<meta property=\"og:url\" content=\"https:\/\/www.evvo-snow.com\/de\/technologien-evvo-snowshoes\/\" \/>\n<meta property=\"og:site_name\" content=\"Evvo Snowshoe\" \/>\n<meta property=\"article:modified_time\" content=\"2024-07-16T09:00:12+00:00\" \/>\n<meta property=\"og:image\" content=\"https:\/\/www.evvo-snow.com\/wp-content\/uploads\/2021\/01\/IE_Evvo.jpg\" \/>\n\t<meta property=\"og:image:width\" content=\"1200\" \/>\n\t<meta property=\"og:image:height\" content=\"630\" \/>\n\t<meta property=\"og:image:type\" content=\"image\/jpeg\" \/>\n<meta name=\"twitter:card\" content=\"summary\" \/>\n<script type=\"application\/ld+json\" class=\"yoast-schema-graph\">{\"@context\":\"https:\/\/schema.org\",\"@graph\":[{\"@type\":\"WebSite\",\"@id\":\"https:\/\/www.evvo-snow.com\/#website\",\"url\":\"https:\/\/www.evvo-snow.com\/\",\"name\":\"Evvo Snowshoe\",\"description\":\"\",\"potentialAction\":[{\"@type\":\"SearchAction\",\"target\":{\"@type\":\"EntryPoint\",\"urlTemplate\":\"https:\/\/www.evvo-snow.com\/?s={search_term_string}\"},\"query-input\":\"required name=search_term_string\"}],\"inLanguage\":\"de\"},{\"@type\":\"WebPage\",\"@id\":\"https:\/\/www.evvo-snow.com\/de\/technologien-evvo-snowshoes\/#webpage\",\"url\":\"https:\/\/www.evvo-snow.com\/de\/technologien-evvo-snowshoes\/\",\"name\":\"EVVO Snowshoe - Die EVVO Snowshoe Technologien\",\"isPartOf\":{\"@id\":\"https:\/\/www.evvo-snow.com\/#website\"},\"datePublished\":\"2019-01-25T10:34:15+00:00\",\"dateModified\":\"2024-07-16T09:00:12+00:00\",\"description\":\"EVVO Snowshoe, eine patentierte Technologie f\u00fcr alle, die gern im Schnee unterwegs sind, erm\u00f6glicht ein nat\u00fcrliches, einfaches Gehen in jeder Art von verschneitem Gel\u00e4nde.\",\"breadcrumb\":{\"@id\":\"https:\/\/www.evvo-snow.com\/de\/technologien-evvo-snowshoes\/#breadcrumb\"},\"inLanguage\":\"de\",\"potentialAction\":[{\"@type\":\"ReadAction\",\"target\":[\"https:\/\/www.evvo-snow.com\/de\/technologien-evvo-snowshoes\/\"]}]},{\"@type\":\"BreadcrumbList\",\"@id\":\"https:\/\/www.evvo-snow.com\/de\/technologien-evvo-snowshoes\/#breadcrumb\",\"itemListElement\":[{\"@type\":\"ListItem\",\"position\":1,\"name\":\"Home\",\"item\":\"https:\/\/www.evvo-snow.com\/de\/\"},{\"@type\":\"ListItem\",\"position\":2,\"name\":\"Technologien\"}]}]}<\/script>\n<!-- \/ Yoast SEO plugin. -->","yoast_head_json":{"title":"EVVO Snowshoe - Die EVVO Snowshoe Technologien","description":"EVVO Snowshoe, eine patentierte Technologie f\u00fcr alle, die gern im Schnee unterwegs sind, erm\u00f6glicht ein nat\u00fcrliches, einfaches Gehen in jeder Art von verschneitem Gel\u00e4nde.","robots":{"index":"index","follow":"follow","max-snippet":"max-snippet:-1","max-image-preview":"max-image-preview:large","max-video-preview":"max-video-preview:-1"},"canonical":"https:\/\/www.evvo-snow.com\/de\/technologien-evvo-snowshoes\/","og_locale":"de_DE","og_type":"article","og_title":"EVVO Snowshoe - Die EVVO Snowshoe Technologien","og_description":"EVVO Snowshoe, eine patentierte Technologie f\u00fcr alle, die gern im Schnee unterwegs sind, erm\u00f6glicht ein nat\u00fcrliches, einfaches Gehen in jeder Art von verschneitem Gel\u00e4nde.","og_url":"https:\/\/www.evvo-snow.com\/de\/technologien-evvo-snowshoes\/","og_site_name":"Evvo Snowshoe","article_modified_time":"2024-07-16T09:00:12+00:00","og_image":[{"width":1200,"height":630,"url":"https:\/\/www.evvo-snow.com\/wp-content\/uploads\/2021\/01\/IE_Evvo.jpg","type":"image\/jpeg"}],"twitter_card":"summary","schema":{"@context":"https:\/\/schema.org","@graph":[{"@type":"WebSite","@id":"https:\/\/www.evvo-snow.com\/#website","url":"https:\/\/www.evvo-snow.com\/","name":"Evvo Snowshoe","description":"","potentialAction":[{"@type":"SearchAction","target":{"@type":"EntryPoint","urlTemplate":"https:\/\/www.evvo-snow.com\/?s={search_term_string}"},"query-input":"required name=search_term_string"}],"inLanguage":"de"},{"@type":"WebPage","@id":"https:\/\/www.evvo-snow.com\/de\/technologien-evvo-snowshoes\/#webpage","url":"https:\/\/www.evvo-snow.com\/de\/technologien-evvo-snowshoes\/","name":"EVVO Snowshoe - Die EVVO Snowshoe Technologien","isPartOf":{"@id":"https:\/\/www.evvo-snow.com\/#website"},"datePublished":"2019-01-25T10:34:15+00:00","dateModified":"2024-07-16T09:00:12+00:00","description":"EVVO Snowshoe, eine patentierte Technologie f\u00fcr alle, die gern im Schnee unterwegs sind, erm\u00f6glicht ein nat\u00fcrliches, einfaches Gehen in jeder Art von verschneitem Gel\u00e4nde.","breadcrumb":{"@id":"https:\/\/www.evvo-snow.com\/de\/technologien-evvo-snowshoes\/#breadcrumb"},"inLanguage":"de","potentialAction":[{"@type":"ReadAction","target":["https:\/\/www.evvo-snow.com\/de\/technologien-evvo-snowshoes\/"]}]},{"@type":"BreadcrumbList","@id":"https:\/\/www.evvo-snow.com\/de\/technologien-evvo-snowshoes\/#breadcrumb","itemListElement":[{"@type":"ListItem","position":1,"name":"Home","item":"https:\/\/www.evvo-snow.com\/de\/"},{"@type":"ListItem","position":2,"name":"Technologien"}]}]}},"_links":{"self":[{"href":"https:\/\/www.evvo-snow.com\/de\/wp-json\/wp\/v2\/pages\/1043"}],"collection":[{"href":"https:\/\/www.evvo-snow.com\/de\/wp-json\/wp\/v2\/pages"}],"about":[{"href":"https:\/\/www.evvo-snow.com\/de\/wp-json\/wp\/v2\/types\/page"}],"author":[{"embeddable":true,"href":"https:\/\/www.evvo-snow.com\/de\/wp-json\/wp\/v2\/users\/1"}],"replies":[{"embeddable":true,"href":"https:\/\/www.evvo-snow.com\/de\/wp-json\/wp\/v2\/comments?post=1043"}],"version-history":[{"count":1,"href":"https:\/\/www.evvo-snow.com\/de\/wp-json\/wp\/v2\/pages\/1043\/revisions"}],"predecessor-version":[{"id":1044,"href":"https:\/\/www.evvo-snow.com\/de\/wp-json\/wp\/v2\/pages\/1043\/revisions\/1044"}],"wp:attachment":[{"href":"https:\/\/www.evvo-snow.com\/de\/wp-json\/wp\/v2\/media?parent=1043"}],"curies":[{"name":"wp","href":"https:\/\/api.w.org\/{rel}","templated":true}]}}