{"id":2414,"date":"2020-02-05T16:27:40","date_gmt":"2020-02-05T15:27:40","guid":{"rendered":"https:\/\/www.evvo-snow.com\/marche-nordique-et-ses-bienfaits-raquettes-evvo\/"},"modified":"2020-06-10T10:52:35","modified_gmt":"2020-06-10T08:52:35","slug":"focus-sur-la-marche-nordique-et-ses-bienfaits-raquettes-evvo","status":"publish","type":"page","link":"https:\/\/www.evvo-snow.com\/en\/focus-sur-la-marche-nordique-et-ses-bienfaits-raquettes-evvo\/","title":{"rendered":"Focus sur la marche nordique et ses bienfaits"},"content":{"rendered":"<p>&nbsp;<\/p>\n<div id=\"ritekit-alerts\"><\/div>\n","protected":false},"excerpt":{"rendered":"<p>&nbsp;<\/p>\n","protected":false},"author":1,"featured_media":0,"parent":0,"menu_order":0,"comment_status":"closed","ping_status":"closed","template":"","meta":[],"yoast_head":"<!-- This site is optimized with the Yoast SEO plugin v18.2 - https:\/\/yoast.com\/wordpress\/plugins\/seo\/ -->\n<title>Focus sur la marche nordique et ses bienfaits - Evvo Snowshoe<\/title>\n<meta name=\"description\" content=\"La marche nordique, d\u00e9riv\u00e9e du ski de fond, a de nombreux bienfaits. L\u2019\u00e9volution technique des raquettes neige EVVO Snowshoes permet une marche naturelle\" \/>\n<meta name=\"robots\" content=\"index, follow, max-snippet:-1, max-image-preview:large, max-video-preview:-1\" \/>\n<link rel=\"canonical\" href=\"https:\/\/www.evvo-snow.com\/en\/focus-sur-la-marche-nordique-et-ses-bienfaits-raquettes-evvo\/\" \/>\n<meta property=\"og:locale\" content=\"en_US\" \/>\n<meta property=\"og:type\" content=\"article\" \/>\n<meta property=\"og:title\" content=\"La marche nordique, un sport sant\u00e9 \u00e0 pratiquer toute l&#039;ann\u00e9e\" \/>\n<meta property=\"og:description\" content=\"Tout droit venue de Finlande, la marche nordique nous invite \u00e0 nous d\u00e9connecter du stress du quotidien, tout en se d\u00e9pensant. La pratique, d\u00e9riv\u00e9e du ski de fond, a de nombreux bienfaits. La marche nordique est un sport complet qui ravira les amoureux de plein air. \u00c0 vos b\u00e2tons !\" \/>\n<meta property=\"og:url\" content=\"https:\/\/www.evvo-snow.com\/en\/focus-sur-la-marche-nordique-et-ses-bienfaits-raquettes-evvo\/\" \/>\n<meta property=\"og:site_name\" content=\"Evvo Snowshoe\" \/>\n<meta property=\"article:modified_time\" content=\"2020-06-10T08:52:35+00:00\" \/>\n<meta property=\"og:image\" content=\"https:\/\/www.evvo-snow.com\/wp-content\/uploads\/2020\/06\/marchenordique-EVVO.jpg\" \/>\n\t<meta property=\"og:image:width\" content=\"1205\" \/>\n\t<meta property=\"og:image:height\" content=\"804\" \/>\n\t<meta property=\"og:image:type\" content=\"image\/jpeg\" \/>\n<meta name=\"twitter:card\" content=\"summary\" \/>\n<script type=\"application\/ld+json\" class=\"yoast-schema-graph\">{\"@context\":\"https:\/\/schema.org\",\"@graph\":[{\"@type\":\"WebSite\",\"@id\":\"https:\/\/www.evvo-snow.com\/#website\",\"url\":\"https:\/\/www.evvo-snow.com\/\",\"name\":\"Evvo Snowshoe\",\"description\":\"\",\"potentialAction\":[{\"@type\":\"SearchAction\",\"target\":{\"@type\":\"EntryPoint\",\"urlTemplate\":\"https:\/\/www.evvo-snow.com\/?s={search_term_string}\"},\"query-input\":\"required name=search_term_string\"}],\"inLanguage\":\"en-US\"},{\"@type\":\"ImageObject\",\"@id\":\"https:\/\/www.evvo-snow.com\/en\/focus-sur-la-marche-nordique-et-ses-bienfaits-raquettes-evvo\/#primaryimage\",\"inLanguage\":\"en-US\",\"url\":\"https:\/\/www.evvo-snow.com\/wp-content\/uploads\/2020\/06\/marchenordique-EVVO.jpg\",\"contentUrl\":\"https:\/\/www.evvo-snow.com\/wp-content\/uploads\/2020\/06\/marchenordique-EVVO.jpg\",\"width\":1205,\"height\":804,\"caption\":\"Walk in the meadow with spring flowers with Nordic walking poles.\"},{\"@type\":\"WebPage\",\"@id\":\"https:\/\/www.evvo-snow.com\/en\/focus-sur-la-marche-nordique-et-ses-bienfaits-raquettes-evvo\/#webpage\",\"url\":\"https:\/\/www.evvo-snow.com\/en\/focus-sur-la-marche-nordique-et-ses-bienfaits-raquettes-evvo\/\",\"name\":\"Focus sur la marche nordique et ses bienfaits - Evvo Snowshoe\",\"isPartOf\":{\"@id\":\"https:\/\/www.evvo-snow.com\/#website\"},\"datePublished\":\"2020-02-05T15:27:40+00:00\",\"dateModified\":\"2020-06-10T08:52:35+00:00\",\"description\":\"La marche nordique, d\u00e9riv\u00e9e du ski de fond, a de nombreux bienfaits. L\u2019\u00e9volution technique des raquettes neige EVVO Snowshoes permet une marche naturelle\",\"breadcrumb\":{\"@id\":\"https:\/\/www.evvo-snow.com\/en\/focus-sur-la-marche-nordique-et-ses-bienfaits-raquettes-evvo\/#breadcrumb\"},\"inLanguage\":\"en-US\",\"potentialAction\":[{\"@type\":\"ReadAction\",\"target\":[\"https:\/\/www.evvo-snow.com\/en\/focus-sur-la-marche-nordique-et-ses-bienfaits-raquettes-evvo\/\"]}]},{\"@type\":\"BreadcrumbList\",\"@id\":\"https:\/\/www.evvo-snow.com\/en\/focus-sur-la-marche-nordique-et-ses-bienfaits-raquettes-evvo\/#breadcrumb\",\"itemListElement\":[{\"@type\":\"ListItem\",\"position\":1,\"name\":\"Home\",\"item\":\"https:\/\/www.evvo-snow.com\/en\/\"},{\"@type\":\"ListItem\",\"position\":2,\"name\":\"Focus sur la marche nordique et ses bienfaits\"}]}]}<\/script>\n<!-- \/ Yoast SEO plugin. -->","yoast_head_json":{"title":"Focus sur la marche nordique et ses bienfaits - Evvo Snowshoe","description":"La marche nordique, d\u00e9riv\u00e9e du ski de fond, a de nombreux bienfaits. L\u2019\u00e9volution technique des raquettes neige EVVO Snowshoes permet une marche naturelle","robots":{"index":"index","follow":"follow","max-snippet":"max-snippet:-1","max-image-preview":"max-image-preview:large","max-video-preview":"max-video-preview:-1"},"canonical":"https:\/\/www.evvo-snow.com\/en\/focus-sur-la-marche-nordique-et-ses-bienfaits-raquettes-evvo\/","og_locale":"en_US","og_type":"article","og_title":"La marche nordique, un sport sant\u00e9 \u00e0 pratiquer toute l'ann\u00e9e","og_description":"Tout droit venue de Finlande, la marche nordique nous invite \u00e0 nous d\u00e9connecter du stress du quotidien, tout en se d\u00e9pensant. La pratique, d\u00e9riv\u00e9e du ski de fond, a de nombreux bienfaits. La marche nordique est un sport complet qui ravira les amoureux de plein air. \u00c0 vos b\u00e2tons !","og_url":"https:\/\/www.evvo-snow.com\/en\/focus-sur-la-marche-nordique-et-ses-bienfaits-raquettes-evvo\/","og_site_name":"Evvo Snowshoe","article_modified_time":"2020-06-10T08:52:35+00:00","og_image":[{"width":1205,"height":804,"url":"https:\/\/www.evvo-snow.com\/wp-content\/uploads\/2020\/06\/marchenordique-EVVO.jpg","type":"image\/jpeg"}],"twitter_card":"summary","schema":{"@context":"https:\/\/schema.org","@graph":[{"@type":"WebSite","@id":"https:\/\/www.evvo-snow.com\/#website","url":"https:\/\/www.evvo-snow.com\/","name":"Evvo Snowshoe","description":"","potentialAction":[{"@type":"SearchAction","target":{"@type":"EntryPoint","urlTemplate":"https:\/\/www.evvo-snow.com\/?s={search_term_string}"},"query-input":"required name=search_term_string"}],"inLanguage":"en-US"},{"@type":"ImageObject","@id":"https:\/\/www.evvo-snow.com\/en\/focus-sur-la-marche-nordique-et-ses-bienfaits-raquettes-evvo\/#primaryimage","inLanguage":"en-US","url":"https:\/\/www.evvo-snow.com\/wp-content\/uploads\/2020\/06\/marchenordique-EVVO.jpg","contentUrl":"https:\/\/www.evvo-snow.com\/wp-content\/uploads\/2020\/06\/marchenordique-EVVO.jpg","width":1205,"height":804,"caption":"Walk in the meadow with spring flowers with Nordic walking poles."},{"@type":"WebPage","@id":"https:\/\/www.evvo-snow.com\/en\/focus-sur-la-marche-nordique-et-ses-bienfaits-raquettes-evvo\/#webpage","url":"https:\/\/www.evvo-snow.com\/en\/focus-sur-la-marche-nordique-et-ses-bienfaits-raquettes-evvo\/","name":"Focus sur la marche nordique et ses bienfaits - Evvo Snowshoe","isPartOf":{"@id":"https:\/\/www.evvo-snow.com\/#website"},"datePublished":"2020-02-05T15:27:40+00:00","dateModified":"2020-06-10T08:52:35+00:00","description":"La marche nordique, d\u00e9riv\u00e9e du ski de fond, a de nombreux bienfaits. L\u2019\u00e9volution technique des raquettes neige EVVO Snowshoes permet une marche naturelle","breadcrumb":{"@id":"https:\/\/www.evvo-snow.com\/en\/focus-sur-la-marche-nordique-et-ses-bienfaits-raquettes-evvo\/#breadcrumb"},"inLanguage":"en-US","potentialAction":[{"@type":"ReadAction","target":["https:\/\/www.evvo-snow.com\/en\/focus-sur-la-marche-nordique-et-ses-bienfaits-raquettes-evvo\/"]}]},{"@type":"BreadcrumbList","@id":"https:\/\/www.evvo-snow.com\/en\/focus-sur-la-marche-nordique-et-ses-bienfaits-raquettes-evvo\/#breadcrumb","itemListElement":[{"@type":"ListItem","position":1,"name":"Home","item":"https:\/\/www.evvo-snow.com\/en\/"},{"@type":"ListItem","position":2,"name":"Focus sur la marche nordique et ses bienfaits"}]}]}},"_links":{"self":[{"href":"https:\/\/www.evvo-snow.com\/en\/wp-json\/wp\/v2\/pages\/2414"}],"collection":[{"href":"https:\/\/www.evvo-snow.com\/en\/wp-json\/wp\/v2\/pages"}],"about":[{"href":"https:\/\/www.evvo-snow.com\/en\/wp-json\/wp\/v2\/types\/page"}],"author":[{"embeddable":true,"href":"https:\/\/www.evvo-snow.com\/en\/wp-json\/wp\/v2\/users\/1"}],"replies":[{"embeddable":true,"href":"https:\/\/www.evvo-snow.com\/en\/wp-json\/wp\/v2\/comments?post=2414"}],"version-history":[{"count":1,"href":"https:\/\/www.evvo-snow.com\/en\/wp-json\/wp\/v2\/pages\/2414\/revisions"}],"predecessor-version":[{"id":2416,"href":"https:\/\/www.evvo-snow.com\/en\/wp-json\/wp\/v2\/pages\/2414\/revisions\/2416"}],"wp:attachment":[{"href":"https:\/\/www.evvo-snow.com\/en\/wp-json\/wp\/v2\/media?parent=2414"}],"curies":[{"name":"wp","href":"https:\/\/api.w.org\/{rel}","templated":true}]}}